{"id":900,"date":"2024-02-24T13:10:09","date_gmt":"2024-02-24T13:10:09","guid":{"rendered":"https:\/\/languagegames.cz\/?page_id=900"},"modified":"2024-02-24T13:23:34","modified_gmt":"2024-02-24T13:23:34","slug":"terms-and-conditions","status":"publish","type":"page","link":"https:\/\/languagegames.cz\/cs\/terms-and-conditions\/","title":{"rendered":"V\u0161eobecn\u00ed ochodn\u00ed podm\u00ednky"},"content":{"rendered":"<div data-elementor-type=\"wp-page\" data-elementor-id=\"900\" class=\"elementor elementor-900\" data-elementor-post-type=\"page\">\n\t\t\t\t<div class=\"elementor-element elementor-element-afb7059 e-flex e-con-boxed e-con e-parent\" data-id=\"afb7059\" data-element_type=\"container\">\n\t\t\t\t\t<div class=\"e-con-inner\">\n\t\t\t\t<div class=\"elementor-element elementor-element-35cdf36 elementor-widget elementor-widget-text-editor\" data-id=\"35cdf36\" data-element_type=\"widget\" data-widget_type=\"text-editor.default\">\n\t\t\t\t<div class=\"elementor-widget-container\">\n\t\t\t\t\t\t\t\t\t<h5 class=\"title\">1. Kontakt<\/h5><p>Zahrani\u010dn\u00ed fyzick\u00e1 osoba &#8211; Silvia Chymov\u00e1<br \/>I\u010cO: 19695136,<br \/>se s\u00eddlem Cejl 40\/107, 602 00 Brno &#8211; Z\u00e1brdovice<\/p><p>Webov\u00e9 str\u00e1nky: <a href=\"http:\/\/www.laguagegames.cz\">www.languagegames.cz<\/a><br \/>Emailov\u00e1 adresa: <a href=\"mailto:englishgamesbrno@gmail.com\">englishgamesbrno@gmail.com<\/a><\/p><h5 class=\"title\">2. \u00davodn\u00ed ustanoven\u00ed<\/h5><p>2.1 Tyto obchodn\u00ed podm\u00ednky upravuj\u00ed vztah mezi Silviou Chymovou, jako\u017eto poskytovatelem (d\u00e1le t\u00e9\u017e jen jako \u201cposkytovatel\u201d) a osobou vyu\u017e\u00edvaj\u00edc\u00ed slu\u017eby poskytovatele, jako\u017eto objednatelem (d\u00e1le t\u00e9\u017e jen jako \u201cobjednatel\u201d), spole\u010dn\u011b pak t\u00e9\u017e jako \u201csmluvn\u00ed strany\u201d. Slu\u017ebou poskytovanou poskytovatelem se rozum\u00ed poskytov\u00e1n\u00ed vzd\u011bl\u00e1vac\u00edch kurz\u016f (d\u00e1le t\u00e9\u017e jen jako \u201ckurzy\u201d), jazykov\u00fd mentoring a \u00fa\u010dast na jin\u00fdch mimo\u0161koln\u00edch akc\u00edch.<\/p><p>2.2 Ustanoven\u00ed obchodn\u00edch podm\u00ednek je ned\u00edlnou sou\u010d\u00e1st\u00ed smluvn\u00edho vztahu.<\/p><p>2.3 Ustanoven\u00ed odchyln\u00e1 od obchodn\u00edch podm\u00ednek je mo\u017en\u00e9 sjednat po p\u0159edchoz\u00ed domluv\u011b obou smluvn\u00edch stran.<\/p><p>2.4 Zn\u011bn\u00ed obchodn\u00edch\u00a0 odm\u00ednek m\u016f\u017ee poskytovatel m\u011bnit \u010di dopl\u0148ovat. T\u00edmto ustanoven\u00edm nejsou dot\u010dena pr\u00e1va a povinnosti vznikl\u00e1 po dobu \u00fa\u010dinnosti p\u0159edchoz\u00edho zn\u011bn\u00ed obchodn\u00edch podm\u00ednek.<\/p><h5 class=\"title\">3. P\u0159edm\u011bt pln\u011bn\u00ed<\/h5><p>3.1 Firemn\u00ed vzd\u011bl\u00e1vac\u00ed kurzy, jin\u00e9 mimo\u0161koln\u00ed aktivity a jazykov\u00fd mentoring jsou nab\u00edzeny a specifikov\u00e1ny na webov\u00fdch str\u00e1nk\u00e1ch poskytovatele.<\/p><p>3.2 Poskytovatel se zavazuje tyto slu\u017eby za \u00fahradu realizovat. Podrobn\u00e9 informace o konkr\u00e9tn\u00edch slu\u017eb\u00e1ch jsou uvedeny na webov\u00fdch str\u00e1nk\u00e1ch poskytovatele p\u0159\u00edpadn\u011b po osobn\u00edch konzultac\u00edch vedouc\u00ed k uzav\u0159en\u00ed smlouvy o poskytov\u00e1n\u00ed v\u00fduky. Smluvn\u00ed vztah vznik\u00e1 po podpisu smlouvy. Odesl\u00e1n\u00edm nez\u00e1vazn\u00e9 p\u0159ihl\u00e1\u0161ky objednatel potvrzuje, \u017ee j\u00edm uveden\u00e9 \u00fadaje jsou pravdiv\u00e9 a \u017ee jejich poskytnut\u00ed je dobrovoln\u00e9 a slou\u017e\u00ed p\u0159edev\u0161\u00edm za \u00fa\u010delem dal\u0161\u00ed komunikace a realizace slu\u017eeb. V p\u0159\u00edpad\u011b individu\u00e1ln\u00edch konzultac\u00ed a jazykov\u00e9ho mentoringu vznik\u00e1 smluvn\u00ed vztah potvrzen\u00edm prost\u0159ednictv\u00edm mailov\u00e9 komunikace.<\/p><h5 class=\"title\">4. \u00dahrada p\u0159edm\u011btu pln\u011bn\u00ed<\/h5><p>4.1 Objednatel je povinen hradit kurzovn\u00e9 za jazykov\u00fd mentoring v\u017edy za p\u0159edchoz\u00ed m\u011bs\u00edc na z\u00e1klad\u011b faktury vystaven\u00e9 poskytovatelem.<\/p><p>4.2. Ceny mimo\u0161koln\u00edch aktivit a kurz\u016f jsou sjednan\u00e9 dohodou mezi poskytovatelem a objednatelem. Jsou v\u017edy uvedeny u ka\u017ed\u00e9ho kurzu. Tyto ceny jsou cenami smluvn\u00edmi, kter\u00e9 vych\u00e1zej\u00ed z nab\u00eddky jednotliv\u00fdch slu\u017eeb. Objednatel cenu hrad\u00ed v\u017edy p\u0159ed zah\u00e1jen\u00edm kurzu. Zahrani\u010dn\u00ed fyzick\u00e1 osoba Silvia Chymov\u00e1 m\u00e1 pr\u00e1vo na zaplacen\u00ed ceny slu\u017eeb p\u0159ed jejich poskytov\u00e1n\u00edm.\u00a0<\/p><p>4.3 V p\u0159\u00edpad\u011b pozdn\u00ed platby za objednan\u00fd kurz nebo jazykov\u00fd mentoring m\u016f\u017ee b\u00fdt vy\u017eadov\u00e1na smluvn\u00ed pokuta ve v\u00fd\u0161i 0,5 % z ceny faktury za ka\u017ed\u00fd den prodlen\u00ed.<\/p><p>4.4 \u00dahrada ceny kurzu, mimo\u0161koln\u00ed aktivity nebo jazykov\u00e9ho mentoringu prob\u011bhne bankovn\u00edm p\u0159evodem na bankovn\u00ed \u00fa\u010det poskytovatele. V takov\u00e9m p\u0159\u00edpad\u011b bude objednateli zasl\u00e1n na j\u00edm uvedenou emailovou adresu pokyn k \u00fahrad\u011b. Za den \u00fahrady je pova\u017eov\u00e1n den, kdy je cena kurzu p\u0159ips\u00e1na na \u00fa\u010det poskytovatele.<\/p><h5 class=\"title\">5. Zm\u011bna p\u0159edm\u011btu pln\u011bn\u00ed ze strany objednatele<\/h5><p>5.1 Zm\u011bny p\u0159edm\u011btu pln\u011bn\u00ed jsou \u0159e\u0161eny dodatky ke smlouv\u011b uzav\u0159en\u00e9 mezi objednatelem a poskytovatelem.<\/p><h5 class=\"title\">6. Odstoupen\u00ed od smlouvy ze strany poskytovatele, zm\u011bna term\u00ednu pln\u011bn\u00ed<\/h5><p>6.1 Poskytovatel si vyhrazuje pr\u00e1vo odstoupit od smlouvy v p\u0159\u00edpad\u011b, \u017ee objednatel nedodr\u017e\u00ed platebn\u00ed podm\u00ednky a spozd\u00ed se s platbou nejm\u00e9n\u011b dvakr\u00e1t v \u0159ad\u011b.<\/p><p>6.2 Poskytovatel si vyhrazuje pr\u00e1vo odstoupit od smlouvy s objednatelem, kter\u00fd by naru\u0161oval pr\u016fb\u011bh kurzu, ohro\u017eoval majetek nebo zdrav\u00ed ostatn\u00edch student\u016f v kurzu nebo zdrav\u00ed \u010di majetek poskytovatele.\u00a0<\/p><p>6.3 V p\u0159\u00edpad\u011b na\u0159\u00edzen\u00ed Vl\u00e1dy \u010cR jakkoliv upravuj\u00edc\u00ed provoz poskytovatele (vyhl\u00e1\u0161en\u00ed nouzov\u00e9ho stavu, karant\u00e9na) poskytovatel p\u0159ev\u00e1d\u00ed form\u00e1t v\u00fduky na online. Objednatel nem\u00e1 v tomto p\u0159\u00edpad\u011b n\u00e1rok na vr\u00e1cen\u00ed pen\u011bz, proto\u017ee v\u00fduka d\u00e1le prob\u00edh\u00e1 dle smluven\u00e9ho rozsahu a poskytovatel je p\u0159ipraven tento rozsah ve stanoven\u00e9m term\u00ednu kurzu dodr\u017eet.<\/p><p>6.4 V souvislost s bezpe\u010dnost\u00ed pr\u00e1ce a zdrav\u00edm si poskytovatel v souvislosti s \u010dl. 6.5. vyhrazuje pr\u00e1vo vypov\u011bd\u011bt studenta z bez n\u00e1hrady z kurzu v p\u0159\u00edpad\u011b, \u017ee objednatel nebude dodr\u017eovat na\u0159\u00edzen\u00e9 hygienick\u00e9 p\u0159edpisy (nap\u0159\u00edklad ochrana obli\u010deje rou\u0161kou apod.).<\/p><h5 class=\"title\">7. Odstoupen\u00ed od smlouvy ze strany objednatele<\/h5><p>7.1 Po zah\u00e1jen\u00ed kurzu a\/nebo v p\u0159\u00edpad\u011b p\u0159eru\u0161en\u00ed doch\u00e1zky do kurzu z d\u016fvod\u016f na stran\u011b objednatele, nem\u00e1 objednatel n\u00e1rok na vr\u00e1cen\u00ed ceny kurzu. Cena kurzu se zejm\u00e9na nevrac\u00ed za pozd\u011b zru\u0161en\u00e9 hodiny, pokud objednatel \u010di \u00fa\u010dastn\u00edci kurzu, v pr\u016fb\u011bhu kurzu jakkoli dlouho a z jak\u00fdchkoli d\u016fvod\u016f kurz nenav\u0161t\u011bvuj\u00ed. P\u0159\u00edpadn\u00e1 absence se \u0159e\u0161\u00ed s jednotliv\u00fdm lektorem kurzu a poskytovatelem individu\u00e1ln\u011b. Pozd\u011b zru\u0161enou lekc\u00ed se rozum\u00ed takov\u00e1 lekce, kter\u00e1 nebyla zru\u0161ena alespo\u0148 24 hodin p\u0159ed pl\u00e1novan\u00fdm kon\u00e1n\u00edm.<\/p><p>7.2. Objednatel se zavazuje informovat lektora nebo Silvii Chymovou o sv\u00e9 nep\u0159\u00edtomnosti alespo\u0148 24 hodin p\u0159ed pl\u00e1novan\u00fdm kon\u00e1n\u00edm lekce. Pokud se objednatel p\u0159edem neomluv\u00ed, je p\u0159edm\u011bt pln\u011bn\u00ed pova\u017eov\u00e1n za realizovan\u00fd a objednatel je povinen jej v pln\u00e9 m\u00ed\u0159e uhradit.<\/p><h5 class=\"title\">8. Provoz u\u010debny<\/h5><p>8.1 Kurzy prob\u00edhaj\u00ed online, v prostor\u00e1ch objednatele nebo prostor\u00e1ch poskytovatele a to v budov\u011b C nach\u00e1zej\u00edc\u00ed se na adrese Cejl 107, 602 00 Brno nebo v budov\u011b nach\u00e1dzej\u00edc\u00ed se na adrese Halasovo n\u00e1m\u011bst\u00ed 4, 638 00 Brno.<\/p><p>8.2 V prostor\u00e1ch poskytovatele, jako\u017e i cel\u00e9m objektu, kde se prostory poskytovatele nach\u00e1zej\u00ed, plat\u00ed z\u00e1kaz kou\u0159en\u00ed.<\/p><p>8.3 \u00da\u010dastn\u00edci kurzu jsou povinni \u0159\u00eddit se pokyn\u016f lektora a chovat se tak, aby jejich zavin\u011bn\u00edm nebyl po\u0161kozen majetek poskytovatele nebo vlastn\u00edk\u016f budovy. \u00da\u010dastn\u00edci kurzu nesm\u00ed ohro\u017eovat zdrav\u00ed ostatn\u00edch student\u016f, jako\u017e i zdrav\u00ed vyu\u010duj\u00edc\u00edho lektora \u010di poskytovatele.<\/p><p>8.4 P\u0159i zp\u016fsoben\u00ed \u0161kody ze strany objednatele \u010di \u00fa\u010dastn\u00edk\u016f kurzu na majetku \u010di zdrav\u00ed ostatn\u00edch \u00fa\u010dastn\u00edk\u016f kurzu, lektora \u010di poskytovatele, jako\u017e i na majetku vlastn\u00edka budovy, ve kter\u00e9 se u\u010debna nach\u00e1z\u00ed, je objednatel povinen uhradit poskytovateli vzniklou \u0161kodu.<\/p><p>8.5\u00a0Poskytovatel i objednatel se zavazuj\u00ed dodr\u017eovat hygienick\u00e1 na\u0159\u00edzen\u00ed platn\u00e1 pro vnit\u0159n\u00ed prostory, tj. no\u0161en\u00ed rou\u0161ek, pou\u017e\u00edv\u00e1n\u00ed desinfekce p\u0159i vstupu do budovy atp.<\/p><p>8.6 Poskytovatel neru\u010d\u00ed objednateli \u010di \u00fa\u010dastn\u00edk\u016fm kurzu za odlo\u017een\u00e9 v\u011bci v prostor\u00e1ch poskytovatele.<\/p><h5 class=\"title\">9. Rozsah kurzu a v\u00fduka<\/h5><p>9.1 Kurzy a mimo\u0161koln\u00ed aktivity maj\u00ed sv\u016fj rozsah p\u0159edem dan\u00fd a objednatel je s n\u00edm p\u0159edem sezn\u00e1men.<\/p><p>9.2\u00a0V\u00fduka neprob\u00edh\u00e1 o st\u00e1tn\u00edch sv\u00e1tc\u00edch, p\u0159\u00edpadn\u011b b\u011bhem V\u00e1noc a Velikonoc. O p\u0159\u00edpadn\u00fdch zm\u011bn\u00e1ch budou \u00fa\u010dastn\u00edci kurzu v\u017edy p\u0159edem informov\u00e1ni.<\/p><p>9.3 V p\u0159\u00edpad\u011b vyhl\u00e1\u0161en\u00ed V\u00fdjime\u010dn\u00e9ho stavu a jin\u00fdch z\u00e1kon\u00fdch opat\u0159en\u00ed omezuj\u00edc\u00edch kontakt mezi lidmi se v\u00fduka v pln\u00e9m rozsahu p\u0159esouv\u00e1 online, aby objednatel nep\u0159i\u0161el o \u017e\u00e1dn\u00e9 ze smluven\u00fdch lekc\u00ed. Lekce v takov\u00e9m p\u0159\u00edpad\u011b prob\u00edhaj\u00ed standardn\u011b v den a \u010das, na kter\u00fd byly pl\u00e1novan\u00e9.<\/p><h5 class=\"title\">10. Pr\u00e1va z vadn\u00e9ho pln\u011bn\u00ed\/Reklamace<\/h5><p>10.1 Pokud poskytovatel neposkytne slu\u017eby ve sjednan\u00e9m rozsahu a kvalit\u011b, a nestane se tak v d\u016fsledku chov\u00e1n\u00ed objednatele \u010di \u00fa\u010dastn\u00edk\u016f kurzu, n\u00e1le\u017e\u00ed objednateli pr\u00e1va z vadn\u00e9ho pln\u011bn\u00ed.<\/p><p>10.2\u00a0Objednatel je opr\u00e1vn\u011bn reklamovat j\u00edm objednan\u00e9 pln\u011bn\u00ed prost\u0159ednictv\u00edm v\u00fd\u0161e uveden\u00e9 emailov\u00e9 adresy (<a href=\"mailto:englishgamesbrno@gmail.com\">englishgamesbrno@gmail.com<\/a>), pop\u0159\u00edpad\u011b po p\u0159edchoz\u00ed domluv\u011b t\u00e9\u017e osobn\u011b.<\/p><p>10.3\u00a0V p\u0159\u00edpad\u011b, \u017ee bude reklamace uzn\u00e1na jako opr\u00e1vn\u011bn\u00e1, m\u00e1 objednatel n\u00e1rok po\u017eadovat p\u0159im\u011b\u0159enou slevu z ceny kurzu anebo n\u00e1hradn\u00ed hodiny v r\u00e1mci jin\u00e9ho kurzu v rozsahu, ve kter\u00e9m se p\u0159edchoz\u00ed kurz neuskute\u010dnil.<\/p><p>10.4\u00a0Objednatel nem\u00e1 n\u00e1rok na n\u00e1hradn\u00ed lekce v p\u0159\u00edpad\u011b absence nezavin\u011bn\u00e9 poskytovatelem. N\u00e1hradn\u00ed lekce z d\u016fvodu opakovan\u00e9 absence je mo\u017en\u00e9 sjednat pouze jako samostatn\u011b veden\u00e9 lekce, kter\u00e9 je nutn\u00e9 uhradit.<\/p><p>10.4\u00a0Poskytovatel nen\u00ed povinen nahradit jedinci zame\u0161kan\u00e9 lekce na \u00fakor ostatn\u00edch student\u016f.<\/p><h5 class=\"title\"><a href=\"https:\/\/languagegames.cz\/cs\/privacy-policy\/\">11. Ochrana osobn\u00edch \u00fadaj\u016f<\/a><\/h5><p>11.1 Objednatel sv\u00fdm souhlasem s t\u011bmito obchodn\u00edmi podm\u00ednkami vyjad\u0159uje rovn\u011b\u017e souhlas se zpracov\u00e1n\u00edm sv\u00fdch osobn\u00edch \u00fadaj\u016f, jako\u017eto i \u00fadaj\u016f \u00fa\u010dastn\u00edk\u016f kurzu, poskytovatelem v souladu se Z\u00e1konem o ochran\u011b osobn\u00edch \u00fadaj\u016f (Z\u00e1kon \u010d. 101\/2000 Sb.) a Na\u0159\u00edzen\u00edm Evropsk\u00e9ho parlamentu a Rady (EU) 2016\/679 o ochran\u011b fyzick\u00fdch osob v souvislosti se zpracov\u00e1n\u00edm osobn\u00edch \u00fadaj\u016f a voln\u00e9m pohybu t\u011bchto \u00fadaj\u016f a o zru\u0161en\u00ed sm\u011brnice 95\/46\/ES (d\u00e1le jen \u201cGDPR\u201d).<\/p><p>11.2 Poskytovatel m\u00e1 pr\u00e1vo vyu\u017e\u00edvat objednatelem poskytnut\u00fdch \u00fadaj\u016f za \u00fa\u010delem kontaktov\u00e1n\u00ed \u00fa\u010dastn\u00edk\u016f kurzu a k marketingov\u00fdm \u00fa\u010del\u016fm na dobu neur\u010ditou, tj. do odvol\u00e1n\u00ed. Poskytovatel se zavazuje k tomu, \u017ee \u00fadaje neposkytne t\u0159et\u00edm osob\u00e1m. Objednatel, jako\u017e i jednotliv\u00fd \u00fa\u010dastn\u00edk kurzu, je opr\u00e1vn\u011bn tento souhlas kdykoliv p\u00edsemn\u011b odvolat.<\/p><h5 class=\"title\">12. Z\u00e1v\u011bre\u010dn\u00e1 ustanoven\u00ed<\/h5><p>12.1 V\u0161eobecn\u00e9 obchodn\u00ed podm\u00ednky se vztahuj\u00ed na v\u0161echny otev\u0159en\u00e9 jazykov\u00e9 kurzy po\u0159\u00e1dan\u00e9 zahrani\u010dn\u00ed fyzickou osobou. Jak\u00e9koli dal\u0161\u00ed n\u00e1roky obou smluvn\u00edch stran nad r\u00e1mec t\u011bchto v\u0161eobecn\u00fdch obchodn\u00edch podm\u00ednek a uzav\u0159en\u00fdch smluv, budou pova\u017eov\u00e1ny za bezp\u0159edm\u011btn\u00e9.<\/p><p>12.2 Poskytovatel si vyhrazuje pr\u00e1vo na zm\u011bnu obchodn\u00edch podm\u00ednek.<\/p><p>12.3 Tyto obchodn\u00ed podm\u00ednky jsou platn\u00e9 a \u00fa\u010dinn\u00e9 od dne 04. 09. 2023.<\/p>\t\t\t\t\t\t\t\t<\/div>\n\t\t\t\t<\/div>\n\t\t\t\t\t<\/div>\n\t\t\t\t<\/div>\n\t\t\t\t<\/div>","protected":false},"excerpt":{"rendered":"<p>1. Kontakt Zahrani\u010dn\u00ed fyzick\u00e1 osoba &#8211; Silvia Chymov\u00e1I\u010cO: 19695136,se s\u00eddlem Cejl 40\/107, 602 00 Brno &#8211; Z\u00e1brdovice Webov\u00e9 str\u00e1nky: www.languagegames.czEmailov\u00e1 adresa: englishgamesbrno@gmail.com 2. \u00davodn\u00ed ustanoven\u00ed 2.1 Tyto obchodn\u00ed podm\u00ednky upravuj\u00ed [&hellip;]<\/p>","protected":false},"author":1,"featured_media":0,"parent":0,"menu_order":0,"comment_status":"closed","ping_status":"closed","template":"","meta":{"footnotes":""},"class_list":["post-900","page","type-page","status-publish","hentry"],"yoast_head":"<!-- This site is optimized with the Yoast SEO plugin v26.2 - https:\/\/yoast.com\/wordpress\/plugins\/seo\/ -->\n<title>Terms and Conditions - Language Games<\/title>\n<meta name=\"robots\" content=\"index, follow, max-snippet:-1, max-image-preview:large, max-video-preview:-1\" \/>\n<link rel=\"canonical\" href=\"https:\/\/languagegames.cz\/cs\/terms-and-conditions\/\" \/>\n<meta property=\"og:locale\" content=\"cs_CZ\" \/>\n<meta property=\"og:type\" content=\"article\" \/>\n<meta property=\"og:title\" content=\"Terms and Conditions - Language Games\" \/>\n<meta property=\"og:description\" content=\"1. Kontakt Zahrani\u010dn\u00ed fyzick\u00e1 osoba &#8211; Silvia Chymov\u00e1I\u010cO: 19695136,se s\u00eddlem Cejl 40\/107, 602 00 Brno &#8211; Z\u00e1brdovice Webov\u00e9 str\u00e1nky: www.languagegames.czEmailov\u00e1 adresa: englishgamesbrno@gmail.com 2. \u00davodn\u00ed ustanoven\u00ed 2.1 Tyto obchodn\u00ed podm\u00ednky upravuj\u00ed [&hellip;]\" \/>\n<meta property=\"og:url\" content=\"https:\/\/languagegames.cz\/cs\/terms-and-conditions\/\" \/>\n<meta property=\"og:site_name\" content=\"Language Games\" \/>\n<meta property=\"article:publisher\" content=\"https:\/\/www.facebook.com\/englishgamesbrno\" \/>\n<meta property=\"article:modified_time\" content=\"2024-02-24T13:23:34+00:00\" \/>\n<meta property=\"og:image\" content=\"https:\/\/languagegames.cz\/wp-content\/uploads\/2024\/02\/Language-Games-Logo.png\" \/>\n\t<meta property=\"og:image:width\" content=\"500\" \/>\n\t<meta property=\"og:image:height\" content=\"500\" \/>\n\t<meta property=\"og:image:type\" content=\"image\/png\" \/>\n<meta name=\"twitter:card\" content=\"summary_large_image\" \/>\n<meta name=\"twitter:label1\" content=\"Odhadovan\u00e1 doba \u010dten\u00ed\" \/>\n\t<meta name=\"twitter:data1\" content=\"8 minut\" \/>\n<script type=\"application\/ld+json\" class=\"yoast-schema-graph\">{\"@context\":\"https:\/\/schema.org\",\"@graph\":[{\"@type\":\"WebPage\",\"@id\":\"https:\/\/languagegames.cz\/terms-and-conditions\/\",\"url\":\"https:\/\/languagegames.cz\/terms-and-conditions\/\",\"name\":\"Terms and Conditions - Language Games\",\"isPartOf\":{\"@id\":\"https:\/\/jazykovehry.cz\/#website\"},\"datePublished\":\"2024-02-24T13:10:09+00:00\",\"dateModified\":\"2024-02-24T13:23:34+00:00\",\"breadcrumb\":{\"@id\":\"https:\/\/languagegames.cz\/terms-and-conditions\/#breadcrumb\"},\"inLanguage\":\"cs\",\"potentialAction\":[{\"@type\":\"ReadAction\",\"target\":[\"https:\/\/languagegames.cz\/terms-and-conditions\/\"]}]},{\"@type\":\"BreadcrumbList\",\"@id\":\"https:\/\/languagegames.cz\/terms-and-conditions\/#breadcrumb\",\"itemListElement\":[{\"@type\":\"ListItem\",\"position\":1,\"name\":\"Home\",\"item\":\"https:\/\/jazykovehry.cz\/\"},{\"@type\":\"ListItem\",\"position\":2,\"name\":\"Terms and Conditions\"}]},{\"@type\":\"WebSite\",\"@id\":\"https:\/\/jazykovehry.cz\/#website\",\"url\":\"https:\/\/jazykovehry.cz\/\",\"name\":\"Language Games\",\"description\":\"Play it till you say it!\",\"publisher\":{\"@id\":\"https:\/\/jazykovehry.cz\/#organization\"},\"alternateName\":\"Jazykov\u00e9 hry\",\"potentialAction\":[{\"@type\":\"SearchAction\",\"target\":{\"@type\":\"EntryPoint\",\"urlTemplate\":\"https:\/\/jazykovehry.cz\/?s={search_term_string}\"},\"query-input\":{\"@type\":\"PropertyValueSpecification\",\"valueRequired\":true,\"valueName\":\"search_term_string\"}}],\"inLanguage\":\"cs\"},{\"@type\":\"Organization\",\"@id\":\"https:\/\/jazykovehry.cz\/#organization\",\"name\":\"Language Games\",\"alternateName\":\"Jazykov\u00e9 hry\",\"url\":\"https:\/\/jazykovehry.cz\/\",\"logo\":{\"@type\":\"ImageObject\",\"inLanguage\":\"cs\",\"@id\":\"https:\/\/jazykovehry.cz\/#\/schema\/logo\/image\/\",\"url\":\"https:\/\/languagegames.cz\/wp-content\/uploads\/2024\/02\/Language-Games-Logo.webp\",\"contentUrl\":\"https:\/\/languagegames.cz\/wp-content\/uploads\/2024\/02\/Language-Games-Logo.webp\",\"width\":500,\"height\":500,\"caption\":\"Language Games\"},\"image\":{\"@id\":\"https:\/\/jazykovehry.cz\/#\/schema\/logo\/image\/\"},\"sameAs\":[\"https:\/\/www.facebook.com\/englishgamesbrno\",\"https:\/\/www.linkedin.com\/company\/english-games-brno\",\"https:\/\/www.instagram.com\/englishgamesbrno\"]}]}<\/script>\n<!-- \/ Yoast SEO plugin. -->","yoast_head_json":{"title":"Terms and Conditions - Language Games","robots":{"index":"index","follow":"follow","max-snippet":"max-snippet:-1","max-image-preview":"max-image-preview:large","max-video-preview":"max-video-preview:-1"},"canonical":"https:\/\/languagegames.cz\/cs\/terms-and-conditions\/","og_locale":"cs_CZ","og_type":"article","og_title":"Terms and Conditions - Language Games","og_description":"1. Kontakt Zahrani\u010dn\u00ed fyzick\u00e1 osoba &#8211; Silvia Chymov\u00e1I\u010cO: 19695136,se s\u00eddlem Cejl 40\/107, 602 00 Brno &#8211; Z\u00e1brdovice Webov\u00e9 str\u00e1nky: www.languagegames.czEmailov\u00e1 adresa: englishgamesbrno@gmail.com 2. \u00davodn\u00ed ustanoven\u00ed 2.1 Tyto obchodn\u00ed podm\u00ednky upravuj\u00ed [&hellip;]","og_url":"https:\/\/languagegames.cz\/cs\/terms-and-conditions\/","og_site_name":"Language Games","article_publisher":"https:\/\/www.facebook.com\/englishgamesbrno","article_modified_time":"2024-02-24T13:23:34+00:00","og_image":[{"width":500,"height":500,"url":"https:\/\/languagegames.cz\/wp-content\/uploads\/2024\/02\/Language-Games-Logo.png","type":"image\/png"}],"twitter_card":"summary_large_image","twitter_misc":{"Odhadovan\u00e1 doba \u010dten\u00ed":"8 minut"},"schema":{"@context":"https:\/\/schema.org","@graph":[{"@type":"WebPage","@id":"https:\/\/languagegames.cz\/terms-and-conditions\/","url":"https:\/\/languagegames.cz\/terms-and-conditions\/","name":"Terms and Conditions - Language Games","isPartOf":{"@id":"https:\/\/jazykovehry.cz\/#website"},"datePublished":"2024-02-24T13:10:09+00:00","dateModified":"2024-02-24T13:23:34+00:00","breadcrumb":{"@id":"https:\/\/languagegames.cz\/terms-and-conditions\/#breadcrumb"},"inLanguage":"cs","potentialAction":[{"@type":"ReadAction","target":["https:\/\/languagegames.cz\/terms-and-conditions\/"]}]},{"@type":"BreadcrumbList","@id":"https:\/\/languagegames.cz\/terms-and-conditions\/#breadcrumb","itemListElement":[{"@type":"ListItem","position":1,"name":"Home","item":"https:\/\/jazykovehry.cz\/"},{"@type":"ListItem","position":2,"name":"Terms and Conditions"}]},{"@type":"WebSite","@id":"https:\/\/jazykovehry.cz\/#website","url":"https:\/\/jazykovehry.cz\/","name":"Jazykov\u00e9 hry","description":"Play it till you say it!","publisher":{"@id":"https:\/\/jazykovehry.cz\/#organization"},"alternateName":"Jazykov\u00e9 hry","potentialAction":[{"@type":"SearchAction","target":{"@type":"EntryPoint","urlTemplate":"https:\/\/jazykovehry.cz\/?s={search_term_string}"},"query-input":{"@type":"PropertyValueSpecification","valueRequired":true,"valueName":"search_term_string"}}],"inLanguage":"cs"},{"@type":"Organization","@id":"https:\/\/jazykovehry.cz\/#organization","name":"Jazykov\u00e9 hry","alternateName":"Jazykov\u00e9 hry","url":"https:\/\/jazykovehry.cz\/","logo":{"@type":"ImageObject","inLanguage":"cs","@id":"https:\/\/jazykovehry.cz\/#\/schema\/logo\/image\/","url":"https:\/\/languagegames.cz\/wp-content\/uploads\/2024\/02\/Language-Games-Logo.webp","contentUrl":"https:\/\/languagegames.cz\/wp-content\/uploads\/2024\/02\/Language-Games-Logo.webp","width":500,"height":500,"caption":"Language Games"},"image":{"@id":"https:\/\/jazykovehry.cz\/#\/schema\/logo\/image\/"},"sameAs":["https:\/\/www.facebook.com\/englishgamesbrno","https:\/\/www.linkedin.com\/company\/english-games-brno","https:\/\/www.instagram.com\/englishgamesbrno"]}]}},"_links":{"self":[{"href":"https:\/\/languagegames.cz\/cs\/wp-json\/wp\/v2\/pages\/900","targetHints":{"allow":["GET"]}}],"collection":[{"href":"https:\/\/languagegames.cz\/cs\/wp-json\/wp\/v2\/pages"}],"about":[{"href":"https:\/\/languagegames.cz\/cs\/wp-json\/wp\/v2\/types\/page"}],"author":[{"embeddable":true,"href":"https:\/\/languagegames.cz\/cs\/wp-json\/wp\/v2\/users\/1"}],"replies":[{"embeddable":true,"href":"https:\/\/languagegames.cz\/cs\/wp-json\/wp\/v2\/comments?post=900"}],"version-history":[{"count":8,"href":"https:\/\/languagegames.cz\/cs\/wp-json\/wp\/v2\/pages\/900\/revisions"}],"predecessor-version":[{"id":913,"href":"https:\/\/languagegames.cz\/cs\/wp-json\/wp\/v2\/pages\/900\/revisions\/913"}],"wp:attachment":[{"href":"https:\/\/languagegames.cz\/cs\/wp-json\/wp\/v2\/media?parent=900"}],"curies":[{"name":"wp","href":"https:\/\/api.w.org\/{rel}","templated":true}]}}